{"id":17045,"date":"2024-11-04T09:05:23","date_gmt":"2024-11-04T12:05:23","guid":{"rendered":"https:\/\/www.ceat.cl\/inicio\/?page_id=17045"},"modified":"2025-12-18T09:08:54","modified_gmt":"2025-12-18T12:08:54","slug":"organizacion-consejo-asesor-empresarial","status":"publish","type":"page","link":"https:\/\/www.ceat.cl\/inicio\/organizacion-consejo-asesor-empresarial\/","title":{"rendered":"Organizaci\u00f3n &#8211; Consejo asesor empresarial"},"content":{"rendered":"<p>[et_pb_section fb_built=\u00bb1&#8243; _builder_version=\u00bb4.27.0&#8243; _module_preset=\u00bbdefault\u00bb global_colors_info=\u00bb{}\u00bb][et_pb_row _builder_version=\u00bb4.27.0&#8243; _module_preset=\u00bbdefault\u00bb global_colors_info=\u00bb{}\u00bb][et_pb_column type=\u00bb4_4&#8243; _builder_version=\u00bb4.27.0&#8243; _module_preset=\u00bbdefault\u00bb global_colors_info=\u00bb{}\u00bb][et_pb_text _builder_version=\u00bb4.27.4&#8243; _module_preset=\u00bbdefault\u00bb hover_enabled=\u00bb0&#8243; global_colors_info=\u00bb{}\u00bb sticky_enabled=\u00bb0&#8243;]<\/p>\n<p>El Consejo Asesor Empresarial es un organismo de enlace entre el establecimiento y los sectores productivos atingentes a su misi\u00f3n. Su responsabilidad es asesorar al Directorio de la Corporaci\u00f3n Centro Educacional de Alta Tecnolog\u00eda y al Director del mismo Centro, en toda materia relacionada con la buena marcha de la Instituci\u00f3n, en especial lo referente a la gesti\u00f3n administrativa, financiera, contable, docente y de relaciones p\u00fablicas.<\/p>\n<p>La asesor\u00eda en la gesti\u00f3n docente considera especialmente el respaldo a la acci\u00f3n pedag\u00f3gica relacionada, en lo principal, con la formaci\u00f3n de personas (Oferta) que satisfagan los requerimientos actualizados que se originen en las empresas que recurren al CEAT (Demanda).<\/p>\n<p>El\u00a0 Consejo Asesor Empresarial est\u00e1 integrado por los Sres.:<\/p>\n<table style=\"height: 179px;\" width=\"389\">\n<tbody>\n<tr style=\"height: 23px;\">\n<td style=\"height: 23px; width: 379px;\" bgcolor=\"#791214\"><span style=\"color: #ffffff;\"><strong>Presidente (s):<\/strong><\/span><\/td>\n<\/tr>\n<tr style=\"height: 23px;\">\n<td style=\"height: 23px; width: 379px;\">Ra\u00fal Hermosilla Calle<\/td>\n<\/tr>\n<tr style=\"height: 23px;\">\n<td style=\"height: 23px; width: 379px;\" bgcolor=\"#791214\"><span style=\"color: #ffffff;\"><strong>Viceresidente:<\/strong><\/span><\/td>\n<\/tr>\n<tr style=\"height: 23px;\">\n<td style=\"height: 23px; width: 379px;\">&#8230;&#8230;<\/td>\n<\/tr>\n<tr style=\"height: 23px;\">\n<td style=\"height: 23px; width: 379px;\" bgcolor=\"#791214\"><span style=\"color: #ffffff;\"><strong>Consejeros:<\/strong><\/span><\/td>\n<\/tr>\n<tr style=\"height: 23px;\">\n<td style=\"height: 23px; width: 379px;\">\n<ul>\n<li>Ronald Herlitz G.<\/li>\n<li>Ver\u00f3nica Reich L.<\/li>\n<li>Cristian Romero B<\/li>\n<li>Alejandro Casagrande U.<\/li>\n<li>Gerardo Tapia A.<\/li>\n<li>Patricia Concha S.<\/li>\n<\/ul>\n<\/td>\n<\/tr>\n<\/tbody>\n<\/table>\n<p>[\/et_pb_text][\/et_pb_column][\/et_pb_row][\/et_pb_section]<\/p>\n","protected":false},"excerpt":{"rendered":"<p>El Consejo Asesor Empresarial es un organismo de enlace entre el establecimiento y los sectores productivos atingentes a su misi\u00f3n. Su responsabilidad es asesorar al Directorio de la Corporaci\u00f3n Centro Educacional de Alta Tecnolog\u00eda y al Director del mismo Centro, en toda materia relacionada con la buena marcha de la Instituci\u00f3n, en especial lo referente [&hellip;]<\/p>\n","protected":false},"author":2,"featured_media":0,"parent":0,"menu_order":0,"comment_status":"closed","ping_status":"closed","template":"","meta":{"_et_pb_use_builder":"on","_et_pb_old_content":"","_et_gb_content_width":"","footnotes":""},"class_list":["post-17045","page","type-page","status-publish","hentry"],"_links":{"self":[{"href":"https:\/\/www.ceat.cl\/inicio\/wp-json\/wp\/v2\/pages\/17045","targetHints":{"allow":["GET"]}}],"collection":[{"href":"https:\/\/www.ceat.cl\/inicio\/wp-json\/wp\/v2\/pages"}],"about":[{"href":"https:\/\/www.ceat.cl\/inicio\/wp-json\/wp\/v2\/types\/page"}],"author":[{"embeddable":true,"href":"https:\/\/www.ceat.cl\/inicio\/wp-json\/wp\/v2\/users\/2"}],"replies":[{"embeddable":true,"href":"https:\/\/www.ceat.cl\/inicio\/wp-json\/wp\/v2\/comments?post=17045"}],"version-history":[{"count":4,"href":"https:\/\/www.ceat.cl\/inicio\/wp-json\/wp\/v2\/pages\/17045\/revisions"}],"predecessor-version":[{"id":20245,"href":"https:\/\/www.ceat.cl\/inicio\/wp-json\/wp\/v2\/pages\/17045\/revisions\/20245"}],"wp:attachment":[{"href":"https:\/\/www.ceat.cl\/inicio\/wp-json\/wp\/v2\/media?parent=17045"}],"curies":[{"name":"wp","href":"https:\/\/api.w.org\/{rel}","templated":true}]}}